{"id":18,"date":"2023-03-26T10:23:06","date_gmt":"2023-03-26T10:23:06","guid":{"rendered":"http:\/\/www.idosziget.hu\/?page_id=18"},"modified":"2023-04-01T12:00:18","modified_gmt":"2023-04-01T12:00:18","slug":"kezdooldal","status":"publish","type":"page","link":"http:\/\/www.idosziget.hu\/","title":{"rendered":"Kezd\u0151oldal"},"content":{"rendered":"\t\t<div data-elementor-type=\"wp-page\" data-elementor-id=\"18\" class=\"elementor elementor-18\">\n\t\t\t\t\t\t\t\t\t<section class=\"elementor-section elementor-top-section elementor-element elementor-element-758e42ed elementor-section-height-min-height elementor-section-boxed elementor-section-height-default elementor-section-items-middle\" data-id=\"758e42ed\" data-element_type=\"section\">\n\t\t\t\t\t\t<div class=\"elementor-container elementor-column-gap-default\">\n\t\t\t\t\t<div class=\"elementor-column elementor-col-100 elementor-top-column elementor-element elementor-element-4e92098b\" data-id=\"4e92098b\" data-element_type=\"column\">\n\t\t\t<div class=\"elementor-widget-wrap elementor-element-populated\">\n\t\t\t\t\t\t\t\t<div class=\"elementor-element elementor-element-24d01582 elementor-widget elementor-widget-heading\" data-id=\"24d01582\" data-element_type=\"widget\" data-widget_type=\"heading.default\">\n\t\t\t\t<div class=\"elementor-widget-container\">\n\t\t\t<style>\/*! elementor - v3.11.5 - 14-03-2023 *\/\n.elementor-heading-title{padding:0;margin:0;line-height:1}.elementor-widget-heading .elementor-heading-title[class*=elementor-size-]>a{color:inherit;font-size:inherit;line-height:inherit}.elementor-widget-heading .elementor-heading-title.elementor-size-small{font-size:15px}.elementor-widget-heading .elementor-heading-title.elementor-size-medium{font-size:19px}.elementor-widget-heading .elementor-heading-title.elementor-size-large{font-size:29px}.elementor-widget-heading .elementor-heading-title.elementor-size-xl{font-size:39px}.elementor-widget-heading .elementor-heading-title.elementor-size-xxl{font-size:59px}<\/style><h1 class=\"elementor-heading-title elementor-size-default\">HAMAROSAN...<\/h1>\t\t<\/div>\n\t\t\t\t<\/div>\n\t\t\t\t<div class=\"elementor-element elementor-element-649d492c elementor-widget elementor-widget-text-editor\" data-id=\"649d492c\" data-element_type=\"widget\" data-widget_type=\"text-editor.default\">\n\t\t\t\t<div class=\"elementor-widget-container\">\n\t\t\t<style>\/*! elementor - v3.11.5 - 14-03-2023 *\/\n.elementor-widget-text-editor.elementor-drop-cap-view-stacked .elementor-drop-cap{background-color:#818a91;color:#fff}.elementor-widget-text-editor.elementor-drop-cap-view-framed .elementor-drop-cap{color:#818a91;border:3px solid;background-color:transparent}.elementor-widget-text-editor:not(.elementor-drop-cap-view-default) .elementor-drop-cap{margin-top:8px}.elementor-widget-text-editor:not(.elementor-drop-cap-view-default) .elementor-drop-cap-letter{width:1em;height:1em}.elementor-widget-text-editor .elementor-drop-cap{float:left;text-align:center;line-height:1;font-size:50px}.elementor-widget-text-editor .elementor-drop-cap-letter{display:inline-block}<\/style>\t\t\t\t<p>Kedves L\u00e1togat\u00f3!<\/p><p>Szeretettel \u00fcdv\u00f6z\u00f6llek az Id\u0151szigeten.<\/p><p>Jelenleg az oldal m\u00e9g fejleszt\u00e9s alatt \u00e1ll. Az aktu\u00e1lis inform\u00e1ci\u00f3kr\u00f3l a facebook oldalamon kereszt\u00fcl inform\u00e1l\u00f3dhatsz.<\/p>\t\t\t\t\t\t<\/div>\n\t\t\t\t<\/div>\n\t\t\t\t\t<\/div>\n\t\t<\/div>\n\t\t\t\t\t\t\t<\/div>\n\t\t<\/section>\n\t\t\t\t<section class=\"elementor-section elementor-top-section elementor-element elementor-element-69530084 elementor-section-content-middle elementor-section-boxed elementor-section-height-default elementor-section-height-default\" data-id=\"69530084\" data-element_type=\"section\">\n\t\t\t\t\t\t<div class=\"elementor-container elementor-column-gap-no\">\n\t\t\t\t\t<div class=\"elementor-column elementor-col-100 elementor-top-column elementor-element elementor-element-2255c6c8\" data-id=\"2255c6c8\" data-element_type=\"column\">\n\t\t\t<div class=\"elementor-widget-wrap elementor-element-populated\">\n\t\t\t\t\t\t\t\t<div class=\"elementor-element elementor-element-4a63efeb elementor-hidden-mobile elementor-widget elementor-widget-heading\" data-id=\"4a63efeb\" data-element_type=\"widget\" data-widget_type=\"heading.default\">\n\t\t\t\t<div class=\"elementor-widget-container\">\n\t\t\t<h4 class=\"elementor-heading-title elementor-size-default\">KAPCSOLAT<\/h4>\t\t<\/div>\n\t\t\t\t<\/div>\n\t\t\t\t<div class=\"elementor-element elementor-element-56f72f7 elementor-hidden-desktop elementor-hidden-tablet elementor-widget elementor-widget-heading\" data-id=\"56f72f7\" data-element_type=\"widget\" data-widget_type=\"heading.default\">\n\t\t\t\t<div class=\"elementor-widget-container\">\n\t\t\t<h4 class=\"elementor-heading-title elementor-size-default\">KAPCSOLAT<\/h4>\t\t<\/div>\n\t\t\t\t<\/div>\n\t\t\t\t<div class=\"elementor-element elementor-element-16d2346e elementor-widget elementor-widget-heading\" data-id=\"16d2346e\" data-element_type=\"widget\" data-widget_type=\"heading.default\">\n\t\t\t\t<div class=\"elementor-widget-container\">\n\t\t\t<h4 class=\"elementor-heading-title elementor-size-default\">info@idosziget.hu<\/h4>\t\t<\/div>\n\t\t\t\t<\/div>\n\t\t\t\t<div class=\"elementor-element elementor-element-0539814 elementor-view-default elementor-widget elementor-widget-icon\" data-id=\"0539814\" data-element_type=\"widget\" data-widget_type=\"icon.default\">\n\t\t\t\t<div class=\"elementor-widget-container\">\n\t\t\t\t\t<div class=\"elementor-icon-wrapper\">\n\t\t\t<a class=\"elementor-icon\" href=\"https:\/\/www.facebook.com\/profile.php?id=100090948177470\">\n\t\t\t<i aria-hidden=\"true\" class=\"fab fa-facebook\"><\/i>\t\t\t<\/a>\n\t\t<\/div>\n\t\t\t\t<\/div>\n\t\t\t\t<\/div>\n\t\t\t\t\t<\/div>\n\t\t<\/div>\n\t\t\t\t\t\t\t<\/div>\n\t\t<\/section>\n\t\t\t\t<section class=\"elementor-section elementor-top-section elementor-element elementor-element-f72d708 elementor-section-boxed elementor-section-height-default elementor-section-height-default\" data-id=\"f72d708\" data-element_type=\"section\">\n\t\t\t\t\t\t<div class=\"elementor-container elementor-column-gap-default\">\n\t\t\t\t\t<div class=\"elementor-column elementor-col-100 elementor-top-column elementor-element elementor-element-d7534f8\" data-id=\"d7534f8\" data-element_type=\"column\">\n\t\t\t<div class=\"elementor-widget-wrap\">\n\t\t\t\t\t\t\t\t\t<\/div>\n\t\t<\/div>\n\t\t\t\t\t\t\t<\/div>\n\t\t<\/section>\n\t\t\t\t<section class=\"elementor-section elementor-top-section elementor-element elementor-element-50b6576 elementor-section-full_width elementor-section-height-default elementor-section-height-default\" data-id=\"50b6576\" data-element_type=\"section\">\n\t\t\t\t\t\t<div class=\"elementor-container elementor-column-gap-default\">\n\t\t\t\t\t<div class=\"elementor-column elementor-col-100 elementor-top-column elementor-element elementor-element-4c4d7b94\" data-id=\"4c4d7b94\" data-element_type=\"column\">\n\t\t\t<div class=\"elementor-widget-wrap elementor-element-populated\">\n\t\t\t\t\t\t\t\t<div class=\"elementor-element elementor-element-de85752 gallery-spacing-custom elementor-widget elementor-widget-image-gallery\" data-id=\"de85752\" data-element_type=\"widget\" data-widget_type=\"image-gallery.default\">\n\t\t\t\t<div class=\"elementor-widget-container\">\n\t\t\t<style>\/*! elementor - v3.11.5 - 14-03-2023 *\/\n.elementor-image-gallery .gallery-item{display:inline-block;text-align:center;vertical-align:top;width:100%;max-width:100%;margin:0 auto}.elementor-image-gallery .gallery-item img{margin:0 auto}.elementor-image-gallery .gallery-item .gallery-caption{margin:0}.elementor-image-gallery figure img{display:block}.elementor-image-gallery figure figcaption{width:100%}.gallery-spacing-custom .elementor-image-gallery .gallery-icon{padding:0}@media (min-width:768px){.elementor-image-gallery .gallery-columns-2 .gallery-item{max-width:50%}.elementor-image-gallery .gallery-columns-3 .gallery-item{max-width:33.33%}.elementor-image-gallery .gallery-columns-4 .gallery-item{max-width:25%}.elementor-image-gallery .gallery-columns-5 .gallery-item{max-width:20%}.elementor-image-gallery .gallery-columns-6 .gallery-item{max-width:16.666%}.elementor-image-gallery .gallery-columns-7 .gallery-item{max-width:14.28%}.elementor-image-gallery .gallery-columns-8 .gallery-item{max-width:12.5%}.elementor-image-gallery .gallery-columns-9 .gallery-item{max-width:11.11%}.elementor-image-gallery .gallery-columns-10 .gallery-item{max-width:10%}}@media (min-width:480px) and (max-width:767px){.elementor-image-gallery .gallery.gallery-columns-2 .gallery-item,.elementor-image-gallery .gallery.gallery-columns-3 .gallery-item,.elementor-image-gallery .gallery.gallery-columns-4 .gallery-item,.elementor-image-gallery .gallery.gallery-columns-5 .gallery-item,.elementor-image-gallery .gallery.gallery-columns-6 .gallery-item,.elementor-image-gallery .gallery.gallery-columns-7 .gallery-item,.elementor-image-gallery .gallery.gallery-columns-8 .gallery-item,.elementor-image-gallery .gallery.gallery-columns-9 .gallery-item,.elementor-image-gallery .gallery.gallery-columns-10 .gallery-item{max-width:50%}}@media (max-width:479px){.elementor-image-gallery .gallery.gallery-columns-2 .gallery-item,.elementor-image-gallery .gallery.gallery-columns-3 .gallery-item,.elementor-image-gallery .gallery.gallery-columns-4 .gallery-item,.elementor-image-gallery .gallery.gallery-columns-5 .gallery-item,.elementor-image-gallery .gallery.gallery-columns-6 .gallery-item,.elementor-image-gallery .gallery.gallery-columns-7 .gallery-item,.elementor-image-gallery .gallery.gallery-columns-8 .gallery-item,.elementor-image-gallery .gallery.gallery-columns-9 .gallery-item,.elementor-image-gallery .gallery.gallery-columns-10 .gallery-item{max-width:100%}}<\/style>\t\t<div class=\"elementor-image-gallery\">\n\t\t\t<div id='gallery-1' class='gallery galleryid-18 gallery-columns-1 gallery-size-full'><figure class='gallery-item'>\n\t\t\t<div class='gallery-icon landscape'>\n\t\t\t\t<a data-elementor-open-lightbox=\"yes\" data-elementor-lightbox-slideshow=\"de85752\" data-elementor-lightbox-title=\"Hangter\u00e1pia\" data-e-action-hash=\"#elementor-action%3Aaction%3Dlightbox%26settings%3DeyJpZCI6MjgsInVybCI6Imh0dHA6XC9cL3d3dy5pZG9zemlnZXQuaHVcL3dwLWNvbnRlbnRcL3VwbG9hZHNcLzIwMjNcLzAzXC9EU0MwNTk4Ni1zY2FsZWQtZTE2Nzk4MjY3OTUyMTguanBnIiwic2xpZGVzaG93IjoiZGU4NTc1MiJ9\" href='http:\/\/www.idosziget.hu\/wp-content\/uploads\/2023\/03\/DSC05986-scaled-e1679826795218.jpg'><img loading=\"lazy\" decoding=\"async\" width=\"1200\" height=\"801\" src=\"http:\/\/www.idosziget.hu\/wp-content\/uploads\/2023\/03\/DSC05986-scaled-e1679826795218.jpg\" class=\"attachment-full size-full\" alt=\"Hangt\u00e1l\" aria-describedby=\"gallery-1-28\" srcset=\"http:\/\/www.idosziget.hu\/wp-content\/uploads\/2023\/03\/DSC05986-scaled-e1679826795218.jpg 1200w, http:\/\/www.idosziget.hu\/wp-content\/uploads\/2023\/03\/DSC05986-scaled-e1679826795218-600x401.jpg 600w, http:\/\/www.idosziget.hu\/wp-content\/uploads\/2023\/03\/DSC05986-scaled-e1679826795218-300x200.jpg 300w, http:\/\/www.idosziget.hu\/wp-content\/uploads\/2023\/03\/DSC05986-scaled-e1679826795218-1024x684.jpg 1024w, http:\/\/www.idosziget.hu\/wp-content\/uploads\/2023\/03\/DSC05986-scaled-e1679826795218-768x513.jpg 768w\" sizes=\"(max-width: 1200px) 100vw, 1200px\" \/><\/a>\n\t\t\t<\/div>\n\t\t\t\t<figcaption class='wp-caption-text gallery-caption' id='gallery-1-28'>\n\t\t\t\tHangter\u00e1pia\n\t\t\t\t<\/figcaption><\/figure><figure class='gallery-item'>\n\t\t\t<div class='gallery-icon landscape'>\n\t\t\t\t<a data-elementor-open-lightbox=\"yes\" data-elementor-lightbox-slideshow=\"de85752\" data-elementor-lightbox-title=\"Hangpancsi\" data-e-action-hash=\"#elementor-action%3Aaction%3Dlightbox%26settings%3DeyJpZCI6MjksInVybCI6Imh0dHA6XC9cL3d3dy5pZG9zemlnZXQuaHVcL3dwLWNvbnRlbnRcL3VwbG9hZHNcLzIwMjNcLzAzXC9EU0MwNjAwNy1zY2FsZWQtZTE2ODAzNTAzNTYyOTQuanBnIiwic2xpZGVzaG93IjoiZGU4NTc1MiJ9\" href='http:\/\/www.idosziget.hu\/wp-content\/uploads\/2023\/03\/DSC06007-scaled-e1680350356294.jpg'><img loading=\"lazy\" decoding=\"async\" width=\"1200\" height=\"801\" src=\"http:\/\/www.idosziget.hu\/wp-content\/uploads\/2023\/03\/DSC06007-scaled-e1680350356294.jpg\" class=\"attachment-full size-full\" alt=\"\" aria-describedby=\"gallery-1-29\" srcset=\"http:\/\/www.idosziget.hu\/wp-content\/uploads\/2023\/03\/DSC06007-scaled-e1680350356294.jpg 1200w, http:\/\/www.idosziget.hu\/wp-content\/uploads\/2023\/03\/DSC06007-scaled-e1680350356294-600x401.jpg 600w, http:\/\/www.idosziget.hu\/wp-content\/uploads\/2023\/03\/DSC06007-scaled-e1680350356294-300x200.jpg 300w, http:\/\/www.idosziget.hu\/wp-content\/uploads\/2023\/03\/DSC06007-scaled-e1680350356294-1024x684.jpg 1024w, http:\/\/www.idosziget.hu\/wp-content\/uploads\/2023\/03\/DSC06007-scaled-e1680350356294-768x513.jpg 768w\" sizes=\"(max-width: 1200px) 100vw, 1200px\" \/><\/a>\n\t\t\t<\/div>\n\t\t\t\t<figcaption class='wp-caption-text gallery-caption' id='gallery-1-29'>\n\t\t\t\tHangpancsi\n\t\t\t\t<\/figcaption><\/figure><figure class='gallery-item'>\n\t\t\t<div class='gallery-icon landscape'>\n\t\t\t\t<a data-elementor-open-lightbox=\"yes\" data-elementor-lightbox-slideshow=\"de85752\" data-elementor-lightbox-title=\"Hangt\u00e1l\" data-e-action-hash=\"#elementor-action%3Aaction%3Dlightbox%26settings%3DeyJpZCI6MzAsInVybCI6Imh0dHA6XC9cL3d3dy5pZG9zemlnZXQuaHVcL3dwLWNvbnRlbnRcL3VwbG9hZHNcLzIwMjNcLzAzXC9EU0MwNjEzMy1zY2FsZWQtZTE2ODAzNTAzODc3NzkuanBnIiwic2xpZGVzaG93IjoiZGU4NTc1MiJ9\" href='http:\/\/www.idosziget.hu\/wp-content\/uploads\/2023\/03\/DSC06133-scaled-e1680350387779.jpg'><img loading=\"lazy\" decoding=\"async\" width=\"1200\" height=\"801\" src=\"http:\/\/www.idosziget.hu\/wp-content\/uploads\/2023\/03\/DSC06133-scaled-e1680350387779.jpg\" class=\"attachment-full size-full\" alt=\"\" aria-describedby=\"gallery-1-30\" srcset=\"http:\/\/www.idosziget.hu\/wp-content\/uploads\/2023\/03\/DSC06133-scaled-e1680350387779.jpg 1200w, http:\/\/www.idosziget.hu\/wp-content\/uploads\/2023\/03\/DSC06133-scaled-e1680350387779-600x401.jpg 600w, http:\/\/www.idosziget.hu\/wp-content\/uploads\/2023\/03\/DSC06133-scaled-e1680350387779-300x200.jpg 300w, http:\/\/www.idosziget.hu\/wp-content\/uploads\/2023\/03\/DSC06133-scaled-e1680350387779-1024x684.jpg 1024w, http:\/\/www.idosziget.hu\/wp-content\/uploads\/2023\/03\/DSC06133-scaled-e1680350387779-768x513.jpg 768w\" sizes=\"(max-width: 1200px) 100vw, 1200px\" \/><\/a>\n\t\t\t<\/div>\n\t\t\t\t<figcaption class='wp-caption-text gallery-caption' id='gallery-1-30'>\n\t\t\t\tHangt\u00e1l\n\t\t\t\t<\/figcaption><\/figure>\n\t\t<\/div>\n\t\t<\/div>\n\t\t\t\t<\/div>\n\t\t\t\t<\/div>\n\t\t\t\t\t<\/div>\n\t\t<\/div>\n\t\t\t\t\t\t\t<\/div>\n\t\t<\/section>\n\t\t\t\t\t\t\t<\/div>\n\t\t","protected":false},"excerpt":{"rendered":"<p>HAMAROSAN&#8230; Kedves L\u00e1togat\u00f3! Szeretettel \u00fcdv\u00f6z\u00f6llek az Id\u0151szigeten. Jelenleg az oldal m\u00e9g fejleszt\u00e9s alatt \u00e1ll. Az aktu\u00e1lis inform\u00e1ci\u00f3kr\u00f3l a facebook oldalamon kereszt\u00fcl inform\u00e1l\u00f3dhatsz. KAPCSOLAT KAPCSOLAT info@idosziget.hu Hangter\u00e1pia Hangpancsi Hangt\u00e1l<\/p>\n","protected":false},"author":1,"featured_media":0,"parent":0,"menu_order":0,"comment_status":"closed","ping_status":"closed","template":"elementor_header_footer","meta":{"_mi_skip_tracking":false,"footnotes":""},"class_list":["post-18","page","type-page","status-publish","hentry","entry","owp-thumbs-layout-horizontal","owp-btn-normal","owp-tabs-layout-horizontal","has-no-thumbnails","has-product-nav"],"yoast_head":"<!-- This site is optimized with the Yoast SEO plugin v20.3 - https:\/\/yoast.com\/wordpress\/plugins\/seo\/ -->\n<title>Kezd\u0151oldal - Id\u0151sziget<\/title>\n<meta name=\"robots\" content=\"index, follow, max-snippet:-1, max-image-preview:large, max-video-preview:-1\" \/>\n<link rel=\"canonical\" href=\"http:\/\/www.idosziget.hu\/\" \/>\n<meta property=\"og:locale\" content=\"hu_HU\" \/>\n<meta property=\"og:type\" content=\"article\" \/>\n<meta property=\"og:title\" content=\"Kezd\u0151oldal - Id\u0151sziget\" \/>\n<meta property=\"og:description\" content=\"HAMAROSAN&#8230; Kedves L\u00e1togat\u00f3! Szeretettel \u00fcdv\u00f6z\u00f6llek az Id\u0151szigeten. Jelenleg az oldal m\u00e9g fejleszt\u00e9s alatt \u00e1ll. Az aktu\u00e1lis inform\u00e1ci\u00f3kr\u00f3l a facebook oldalamon kereszt\u00fcl inform\u00e1l\u00f3dhatsz. KAPCSOLAT KAPCSOLAT info@idosziget.hu Hangter\u00e1pia Hangpancsi Hangt\u00e1l\" \/>\n<meta property=\"og:url\" content=\"http:\/\/www.idosziget.hu\/\" \/>\n<meta property=\"og:site_name\" content=\"Id\u0151sziget\" \/>\n<meta property=\"article:modified_time\" content=\"2023-04-01T12:00:18+00:00\" \/>\n<meta property=\"og:image\" content=\"http:\/\/www.idosziget.hu\/wp-content\/uploads\/2023\/03\/DSC05986-scaled-e1679826795218.jpg\" \/>\n<meta name=\"twitter:card\" content=\"summary_large_image\" \/>\n<meta name=\"twitter:label1\" content=\"Becs\u00fclt olvas\u00e1si id\u0151\" \/>\n\t<meta name=\"twitter:data1\" content=\"1 perc\" \/>\n<script type=\"application\/ld+json\" class=\"yoast-schema-graph\">{\"@context\":\"https:\/\/schema.org\",\"@graph\":[{\"@type\":\"WebPage\",\"@id\":\"http:\/\/www.idosziget.hu\/\",\"url\":\"http:\/\/www.idosziget.hu\/\",\"name\":\"Kezd\u0151oldal - Id\u0151sziget\",\"isPartOf\":{\"@id\":\"http:\/\/www.idosziget.hu\/#website\"},\"datePublished\":\"2023-03-26T10:23:06+00:00\",\"dateModified\":\"2023-04-01T12:00:18+00:00\",\"breadcrumb\":{\"@id\":\"http:\/\/www.idosziget.hu\/#breadcrumb\"},\"inLanguage\":\"hu\",\"potentialAction\":[{\"@type\":\"ReadAction\",\"target\":[\"http:\/\/www.idosziget.hu\/\"]}]},{\"@type\":\"BreadcrumbList\",\"@id\":\"http:\/\/www.idosziget.hu\/#breadcrumb\",\"itemListElement\":[{\"@type\":\"ListItem\",\"position\":1,\"name\":\"Home\",\"item\":\"http:\/\/www.idosziget.hu\/\"},{\"@type\":\"ListItem\",\"position\":2,\"name\":\"Kezd\u0151oldal\"}]},{\"@type\":\"WebSite\",\"@id\":\"http:\/\/www.idosziget.hu\/#website\",\"url\":\"http:\/\/www.idosziget.hu\/\",\"name\":\"Id\u0151sziget\",\"description\":\"Hangter\u00e1pia kicsiknek \u00e9s nagyoknak\",\"potentialAction\":[{\"@type\":\"SearchAction\",\"target\":{\"@type\":\"EntryPoint\",\"urlTemplate\":\"http:\/\/www.idosziget.hu\/?s={search_term_string}\"},\"query-input\":\"required name=search_term_string\"}],\"inLanguage\":\"hu\"}]}<\/script>\n<!-- \/ Yoast SEO plugin. -->","yoast_head_json":{"title":"Kezd\u0151oldal - Id\u0151sziget","robots":{"index":"index","follow":"follow","max-snippet":"max-snippet:-1","max-image-preview":"max-image-preview:large","max-video-preview":"max-video-preview:-1"},"canonical":"http:\/\/www.idosziget.hu\/","og_locale":"hu_HU","og_type":"article","og_title":"Kezd\u0151oldal - Id\u0151sziget","og_description":"HAMAROSAN&#8230; Kedves L\u00e1togat\u00f3! Szeretettel \u00fcdv\u00f6z\u00f6llek az Id\u0151szigeten. Jelenleg az oldal m\u00e9g fejleszt\u00e9s alatt \u00e1ll. Az aktu\u00e1lis inform\u00e1ci\u00f3kr\u00f3l a facebook oldalamon kereszt\u00fcl inform\u00e1l\u00f3dhatsz. KAPCSOLAT KAPCSOLAT info@idosziget.hu Hangter\u00e1pia Hangpancsi Hangt\u00e1l","og_url":"http:\/\/www.idosziget.hu\/","og_site_name":"Id\u0151sziget","article_modified_time":"2023-04-01T12:00:18+00:00","og_image":[{"url":"http:\/\/www.idosziget.hu\/wp-content\/uploads\/2023\/03\/DSC05986-scaled-e1679826795218.jpg"}],"twitter_card":"summary_large_image","twitter_misc":{"Becs\u00fclt olvas\u00e1si id\u0151":"1 perc"},"schema":{"@context":"https:\/\/schema.org","@graph":[{"@type":"WebPage","@id":"http:\/\/www.idosziget.hu\/","url":"http:\/\/www.idosziget.hu\/","name":"Kezd\u0151oldal - Id\u0151sziget","isPartOf":{"@id":"http:\/\/www.idosziget.hu\/#website"},"datePublished":"2023-03-26T10:23:06+00:00","dateModified":"2023-04-01T12:00:18+00:00","breadcrumb":{"@id":"http:\/\/www.idosziget.hu\/#breadcrumb"},"inLanguage":"hu","potentialAction":[{"@type":"ReadAction","target":["http:\/\/www.idosziget.hu\/"]}]},{"@type":"BreadcrumbList","@id":"http:\/\/www.idosziget.hu\/#breadcrumb","itemListElement":[{"@type":"ListItem","position":1,"name":"Home","item":"http:\/\/www.idosziget.hu\/"},{"@type":"ListItem","position":2,"name":"Kezd\u0151oldal"}]},{"@type":"WebSite","@id":"http:\/\/www.idosziget.hu\/#website","url":"http:\/\/www.idosziget.hu\/","name":"Id\u0151sziget","description":"Hangter\u00e1pia kicsiknek \u00e9s nagyoknak","potentialAction":[{"@type":"SearchAction","target":{"@type":"EntryPoint","urlTemplate":"http:\/\/www.idosziget.hu\/?s={search_term_string}"},"query-input":"required name=search_term_string"}],"inLanguage":"hu"}]}},"_links":{"self":[{"href":"http:\/\/www.idosziget.hu\/index.php?rest_route=\/wp\/v2\/pages\/18"}],"collection":[{"href":"http:\/\/www.idosziget.hu\/index.php?rest_route=\/wp\/v2\/pages"}],"about":[{"href":"http:\/\/www.idosziget.hu\/index.php?rest_route=\/wp\/v2\/types\/page"}],"author":[{"embeddable":true,"href":"http:\/\/www.idosziget.hu\/index.php?rest_route=\/wp\/v2\/users\/1"}],"replies":[{"embeddable":true,"href":"http:\/\/www.idosziget.hu\/index.php?rest_route=%2Fwp%2Fv2%2Fcomments&post=18"}],"version-history":[{"count":15,"href":"http:\/\/www.idosziget.hu\/index.php?rest_route=\/wp\/v2\/pages\/18\/revisions"}],"predecessor-version":[{"id":66,"href":"http:\/\/www.idosziget.hu\/index.php?rest_route=\/wp\/v2\/pages\/18\/revisions\/66"}],"wp:attachment":[{"href":"http:\/\/www.idosziget.hu\/index.php?rest_route=%2Fwp%2Fv2%2Fmedia&parent=18"}],"curies":[{"name":"wp","href":"https:\/\/api.w.org\/{rel}","templated":true}]}}